{"id":685,"date":"2025-12-03T09:35:38","date_gmt":"2025-12-03T09:35:38","guid":{"rendered":"https:\/\/www.biurosynergia.pl\/?page_id=685"},"modified":"2025-12-03T11:15:02","modified_gmt":"2025-12-03T11:15:02","slug":"cennik","status":"publish","type":"page","link":"https:\/\/www.biurosynergia.pl\/index.php\/cennik\/","title":{"rendered":"Cennik"},"content":{"rendered":"\t\t<div data-elementor-type=\"wp-page\" data-elementor-id=\"685\" class=\"elementor elementor-685\">\n\t\t\t\t<div class=\"elementor-element elementor-element-137ebbb e-flex e-con-boxed e-con e-parent\" data-id=\"137ebbb\" data-element_type=\"container\" data-e-type=\"container\" data-settings=\"{&quot;background_background&quot;:&quot;classic&quot;}\">\n\t\t\t\t\t<div class=\"e-con-inner\">\n\t\t<div class=\"elementor-element elementor-element-620dc3e e-con-full e-flex e-con e-child\" data-id=\"620dc3e\" data-element_type=\"container\" data-e-type=\"container\">\n\t\t\t\t<div class=\"elementor-element elementor-element-ea936d9 elementor-widget elementor-widget-heading\" data-id=\"ea936d9\" data-element_type=\"widget\" data-e-type=\"widget\" data-widget_type=\"heading.default\">\n\t\t\t\t<div class=\"elementor-widget-container\">\n\t\t\t\t\t<h2 class=\"elementor-heading-title elementor-size-default\">Nasze ceny<\/h2>\t\t\t\t<\/div>\n\t\t\t\t<\/div>\n\t\t\t\t<div class=\"elementor-element elementor-element-c8f6729 elementor-widget elementor-widget-spacer\" data-id=\"c8f6729\" data-element_type=\"widget\" data-e-type=\"widget\" data-widget_type=\"spacer.default\">\n\t\t\t\t<div class=\"elementor-widget-container\">\n\t\t\t\t\t\t\t<div class=\"elementor-spacer\">\n\t\t\t<div class=\"elementor-spacer-inner\"><\/div>\n\t\t<\/div>\n\t\t\t\t\t\t<\/div>\n\t\t\t\t<\/div>\n\t\t\t\t<\/div>\n\t\t<div class=\"elementor-element elementor-element-dc34d33 e-grid e-con-full e-con e-child\" data-id=\"dc34d33\" data-element_type=\"container\" data-e-type=\"container\">\n\t\t<div class=\"elementor-element elementor-element-f435a56 e-con-full e-flex e-con e-child\" data-id=\"f435a56\" data-element_type=\"container\" data-e-type=\"container\">\n\t\t\t\t<div class=\"elementor-element elementor-element-4c314b4 elementor-widget elementor-widget-heading\" data-id=\"4c314b4\" data-element_type=\"widget\" data-e-type=\"widget\" data-widget_type=\"heading.default\">\n\t\t\t\t<div class=\"elementor-widget-container\">\n\t\t\t\t\t<h4 class=\"elementor-heading-title elementor-size-default\">Rycza\u0142t od przychod\u00f3w ewidencjonowanych<\/h4>\t\t\t\t<\/div>\n\t\t\t\t<\/div>\n\t\t\t\t<div class=\"elementor-element elementor-element-4bfb08f elementor-widget elementor-widget-counter\" data-id=\"4bfb08f\" data-element_type=\"widget\" data-e-type=\"widget\" data-widget_type=\"counter.default\">\n\t\t\t\t<div class=\"elementor-widget-container\">\n\t\t\t\t\t\t\t<div class=\"elementor-counter\">\n\t\t\t<div class=\"elementor-counter-title\">netto miesi\u0119cznie<\/div>\t\t\t<div class=\"elementor-counter-number-wrapper\">\n\t\t\t\t<span class=\"elementor-counter-number-prefix\">od <\/span>\n\t\t\t\t<span class=\"elementor-counter-number\" data-duration=\"900\" data-to-value=\"100\" data-from-value=\"170\" data-delimiter=\",\">170<\/span>\n\t\t\t\t<span class=\"elementor-counter-number-suffix\"> z\u0142<\/span>\n\t\t\t<\/div>\n\t\t<\/div>\n\t\t\t\t\t\t<\/div>\n\t\t\t\t<\/div>\n\t\t\t\t<\/div>\n\t\t<div class=\"elementor-element elementor-element-ee2209b e-con-full e-flex e-con e-child\" data-id=\"ee2209b\" data-element_type=\"container\" data-e-type=\"container\">\n\t\t\t\t<div class=\"elementor-element elementor-element-dd699b3 elementor-widget elementor-widget-heading\" data-id=\"dd699b3\" data-element_type=\"widget\" data-e-type=\"widget\" data-widget_type=\"heading.default\">\n\t\t\t\t<div class=\"elementor-widget-container\">\n\t\t\t\t\t<h4 class=\"elementor-heading-title elementor-size-default\">Podatkowa ksi\u0119ga przychod\u00f3w i rozchod\u00f3w<\/h4>\t\t\t\t<\/div>\n\t\t\t\t<\/div>\n\t\t\t\t<div class=\"elementor-element elementor-element-0f5bfa8 elementor-widget elementor-widget-counter\" data-id=\"0f5bfa8\" data-element_type=\"widget\" data-e-type=\"widget\" data-widget_type=\"counter.default\">\n\t\t\t\t<div class=\"elementor-widget-container\">\n\t\t\t\t\t\t\t<div class=\"elementor-counter\">\n\t\t\t<div class=\"elementor-counter-title\">netto miesi\u0119cznie<\/div>\t\t\t<div class=\"elementor-counter-number-wrapper\">\n\t\t\t\t<span class=\"elementor-counter-number-prefix\">od <\/span>\n\t\t\t\t<span class=\"elementor-counter-number\" data-duration=\"900\" data-to-value=\"190\" data-from-value=\"260\" data-delimiter=\",\">260<\/span>\n\t\t\t\t<span class=\"elementor-counter-number-suffix\"> z\u0142<\/span>\n\t\t\t<\/div>\n\t\t<\/div>\n\t\t\t\t\t\t<\/div>\n\t\t\t\t<\/div>\n\t\t\t\t<\/div>\n\t\t<div class=\"elementor-element elementor-element-013fb2f e-con-full e-flex e-con e-child\" data-id=\"013fb2f\" data-element_type=\"container\" data-e-type=\"container\">\n\t\t\t\t<div class=\"elementor-element elementor-element-6de40fb elementor-widget elementor-widget-heading\" data-id=\"6de40fb\" data-element_type=\"widget\" data-e-type=\"widget\" data-widget_type=\"heading.default\">\n\t\t\t\t<div class=\"elementor-widget-container\">\n\t\t\t\t\t<h4 class=\"elementor-heading-title elementor-size-default\">Pe\u0142na ksi\u0119gowo\u015b\u0107 \u2014 ksi\u0119gi handlowe<\/h4>\t\t\t\t<\/div>\n\t\t\t\t<\/div>\n\t\t\t\t<div class=\"elementor-element elementor-element-e91b61d elementor-widget elementor-widget-counter\" data-id=\"e91b61d\" data-element_type=\"widget\" data-e-type=\"widget\" data-widget_type=\"counter.default\">\n\t\t\t\t<div class=\"elementor-widget-container\">\n\t\t\t\t\t\t\t<div class=\"elementor-counter\">\n\t\t\t<div class=\"elementor-counter-title\">netto miesi\u0119cznie<\/div>\t\t\t<div class=\"elementor-counter-number-wrapper\">\n\t\t\t\t<span class=\"elementor-counter-number-prefix\">od <\/span>\n\t\t\t\t<span class=\"elementor-counter-number\" data-duration=\"900\" data-to-value=\"600\" data-from-value=\"900\" data-delimiter=\",\">900<\/span>\n\t\t\t\t<span class=\"elementor-counter-number-suffix\"> z\u0142<\/span>\n\t\t\t<\/div>\n\t\t<\/div>\n\t\t\t\t\t\t<\/div>\n\t\t\t\t<\/div>\n\t\t\t\t<\/div>\n\t\t\t\t<\/div>\n\t\t\t\t\t<\/div>\n\t\t\t\t<\/div>\n\t\t<div class=\"elementor-element elementor-element-2df6d81 e-flex e-con-boxed e-con e-parent\" data-id=\"2df6d81\" data-element_type=\"container\" data-e-type=\"container\">\n\t\t\t\t\t<div class=\"e-con-inner\">\n\t\t\t\t\t<\/div>\n\t\t\t\t<\/div>\n\t\t<div class=\"elementor-element elementor-element-79f3fd6 e-flex e-con-boxed e-con e-parent\" data-id=\"79f3fd6\" data-element_type=\"container\" data-e-type=\"container\">\n\t\t\t\t\t<div class=\"e-con-inner\">\n\t\t\t\t<div class=\"elementor-element elementor-element-52e3d02 elementor-widget elementor-widget-spacer\" data-id=\"52e3d02\" data-element_type=\"widget\" data-e-type=\"widget\" data-widget_type=\"spacer.default\">\n\t\t\t\t<div class=\"elementor-widget-container\">\n\t\t\t\t\t\t\t<div class=\"elementor-spacer\">\n\t\t\t<div class=\"elementor-spacer-inner\"><\/div>\n\t\t<\/div>\n\t\t\t\t\t\t<\/div>\n\t\t\t\t<\/div>\n\t\t\t\t<div class=\"elementor-element elementor-element-3809666 elementor-widget elementor-widget-text-editor\" data-id=\"3809666\" data-element_type=\"widget\" data-e-type=\"widget\" data-widget_type=\"text-editor.default\">\n\t\t\t\t<div class=\"elementor-widget-container\">\n\t\t\t\t\t\t\t\t\t<p>W rzeczywisto\u015bci nieustaj\u0105cych zmian rozpocz\u0119cie dzia\u0142alno\u015bci gospodarczej niesie za sob\u0105 wi\u0119cej pyta\u0144 ni\u017c odpowiedzi. W Biurze Synergia doskonale zdajemy sobie z tego spraw\u0119 i opr\u00f3cz odpowiedzi na wi\u0119kszo\u015b\u0107 pyta\u0144 zwi\u0105zanych z prowadzeniem dzia\u0142alno\u015bci gospodarczej oferujemy elastyczny cennik, dzi\u0119ki kt\u00f3remu nie zap\u0142acisz wi\u0119cej, ni\u017c trzeba, poniewa\u017c koszt prowadzenia ksi\u0119gowo\u015bci uzale\u017cniony jest od ilo\u015bci rozliczanych dokument\u00f3w i dodatkowych us\u0142ug kt\u00f3re wykonamy.\u00a0<\/p><p>Elastycznie dopasujemy ceny do Twojej dzia\u0142alno\u015bci. Opr\u00f3cz ilo\u015bci dokument\u00f3w znaczenie dla nas ma forma ksi\u0119gowo\u015bci oraz to, czy jeste\u015b zarejestrowanym podatnikiem VAT.<\/p><p>\u00a0<\/p>\t\t\t\t\t\t\t\t<\/div>\n\t\t\t\t<\/div>\n\t\t\t\t\t<\/div>\n\t\t\t\t<\/div>\n\t\t<div class=\"elementor-element elementor-element-780d992 e-flex e-con-boxed e-con e-parent\" data-id=\"780d992\" data-element_type=\"container\" data-e-type=\"container\">\n\t\t\t\t\t<div class=\"e-con-inner\">\n\t\t\t\t<div class=\"elementor-element elementor-element-c811930 elementor-widget elementor-widget-heading\" data-id=\"c811930\" data-element_type=\"widget\" data-e-type=\"widget\" data-widget_type=\"heading.default\">\n\t\t\t\t<div class=\"elementor-widget-container\">\n\t\t\t\t\t<h2 class=\"elementor-heading-title elementor-size-default\">Z naszych us\u0142ug korzystaj\u0105 mi\u0119dzy innymi:<\/h2>\t\t\t\t<\/div>\n\t\t\t\t<\/div>\n\t\t<div class=\"elementor-element elementor-element-2c974e2 e-con-full e-flex e-con e-child\" data-id=\"2c974e2\" data-element_type=\"container\" data-e-type=\"container\">\n\t\t\t\t<div class=\"elementor-element elementor-element-0a6c6d0 elementor-widget__width-initial elementor-widget elementor-widget-image\" data-id=\"0a6c6d0\" data-element_type=\"widget\" data-e-type=\"widget\" data-widget_type=\"image.default\">\n\t\t\t\t<div class=\"elementor-widget-container\">\n\t\t\t\t\t\t\t\t\t\t\t\t\t\t\t\t<a href=\"https:\/\/misjekapucynskie.pl\/\">\n\t\t\t\t\t\t\t<img alt=\"\" decoding=\"async\" width=\"235\" height=\"99\" src=\"https:\/\/www.biurosynergia.pl\/wp-content\/uploads\/2025\/05\/misje-logo-rgb-poziomo.png\" class=\"elementor-animation-grow attachment-large size-large wp-image-532\" alt=\"\" \/>\t\t\t\t\t\t\t\t<\/a>\n\t\t\t\t\t\t\t\t\t\t\t\t\t\t\t<\/div>\n\t\t\t\t<\/div>\n\t\t\t\t<div class=\"elementor-element elementor-element-c782fb0 elementor-widget__width-initial elementor-widget elementor-widget-image\" data-id=\"c782fb0\" data-element_type=\"widget\" data-e-type=\"widget\" data-widget_type=\"image.default\">\n\t\t\t\t<div class=\"elementor-widget-container\">\n\t\t\t\t\t\t\t\t\t\t\t\t\t\t\t\t<a href=\"https:\/\/linettefoundation.com\/\">\n\t\t\t\t\t\t\t<img alt=\"\" decoding=\"async\" width=\"390\" height=\"77\" src=\"https:\/\/www.biurosynergia.pl\/wp-content\/uploads\/2025\/05\/logo1-1.png\" class=\"elementor-animation-grow attachment-large size-large wp-image-533\" alt=\"\" srcset=\"https:\/\/www.biurosynergia.pl\/wp-content\/uploads\/2025\/05\/logo1-1.png 390w, https:\/\/www.biurosynergia.pl\/wp-content\/uploads\/2025\/05\/logo1-1-300x59.png 300w\" sizes=\"(max-width: 390px) 100vw, 390px\" \/>\t\t\t\t\t\t\t\t<\/a>\n\t\t\t\t\t\t\t\t\t\t\t\t\t\t\t<\/div>\n\t\t\t\t<\/div>\n\t\t\t\t<div class=\"elementor-element elementor-element-3a8e838 elementor-widget__width-initial elementor-widget elementor-widget-image\" data-id=\"3a8e838\" data-element_type=\"widget\" data-e-type=\"widget\" data-widget_type=\"image.default\">\n\t\t\t\t<div class=\"elementor-widget-container\">\n\t\t\t\t\t\t\t\t\t\t\t\t\t\t\t\t<a href=\"https:\/\/smashandfun.pl\/\">\n\t\t\t\t\t\t\t<img alt=\"\" fetchpriority=\"high\" decoding=\"async\" width=\"326\" height=\"200\" src=\"https:\/\/www.biurosynergia.pl\/wp-content\/uploads\/2025\/05\/SMASHANDFUN.png\" class=\"elementor-animation-grow attachment-large size-large wp-image-534\" alt=\"\" srcset=\"https:\/\/www.biurosynergia.pl\/wp-content\/uploads\/2025\/05\/SMASHANDFUN.png 326w, https:\/\/www.biurosynergia.pl\/wp-content\/uploads\/2025\/05\/SMASHANDFUN-300x184.png 300w\" sizes=\"(max-width: 326px) 100vw, 326px\" \/>\t\t\t\t\t\t\t\t<\/a>\n\t\t\t\t\t\t\t\t\t\t\t\t\t\t\t<\/div>\n\t\t\t\t<\/div>\n\t\t\t\t<div class=\"elementor-element elementor-element-ea99ac8 elementor-widget__width-initial elementor-widget elementor-widget-image\" data-id=\"ea99ac8\" data-element_type=\"widget\" data-e-type=\"widget\" data-widget_type=\"image.default\">\n\t\t\t\t<div class=\"elementor-widget-container\">\n\t\t\t\t\t\t\t\t\t\t\t\t\t\t\t<img alt=\"\" loading=\"lazy\" decoding=\"async\" width=\"260\" height=\"130\" src=\"https:\/\/www.biurosynergia.pl\/wp-content\/uploads\/2025\/05\/anatomiarocka.png\" class=\"elementor-animation-grow attachment-large size-large wp-image-607\" alt=\"\" \/>\t\t\t\t\t\t\t\t\t\t\t\t\t\t\t<\/div>\n\t\t\t\t<\/div>\n\t\t\t\t<div class=\"elementor-element elementor-element-ba0c7d8 elementor-widget__width-initial elementor-widget elementor-widget-image\" data-id=\"ba0c7d8\" data-element_type=\"widget\" data-e-type=\"widget\" data-widget_type=\"image.default\">\n\t\t\t\t<div class=\"elementor-widget-container\">\n\t\t\t\t\t\t\t\t\t\t\t\t\t\t\t\t<a href=\"http:\/\/www.compex.com.pl\">\n\t\t\t\t\t\t\t<img loading=\"lazy\" decoding=\"async\" width=\"300\" height=\"201\" src=\"https:\/\/www.biurosynergia.pl\/wp-content\/uploads\/2025\/07\/logocompex.png\" class=\"elementor-animation-grow attachment-large size-large wp-image-656\" alt=\"logo firmy Compex\" \/>\t\t\t\t\t\t\t\t<\/a>\n\t\t\t\t\t\t\t\t\t\t\t\t\t\t\t<\/div>\n\t\t\t\t<\/div>\n\t\t\t\t<\/div>\n\t\t\t\t\t<\/div>\n\t\t\t\t<\/div>\n\t\t<div class=\"elementor-element elementor-element-ed372e2 e-flex e-con-boxed e-con e-parent\" data-id=\"ed372e2\" data-element_type=\"container\" data-e-type=\"container\">\n\t\t\t\t\t<div class=\"e-con-inner\">\n\t\t\t\t<div class=\"elementor-element elementor-element-6232562 elementor-widget elementor-widget-heading\" data-id=\"6232562\" data-element_type=\"widget\" data-e-type=\"widget\" data-widget_type=\"heading.default\">\n\t\t\t\t<div class=\"elementor-widget-container\">\n\t\t\t\t\t<h2 class=\"elementor-heading-title elementor-size-default\">Pozw\u00f3l, \u017ce przedstawimy Ci nasz\u0105 ofert\u0119.<\/h2>\t\t\t\t<\/div>\n\t\t\t\t<\/div>\n\t\t\t\t<div class=\"elementor-element elementor-element-b394e30 elementor-widget elementor-widget-text-editor\" data-id=\"b394e30\" data-element_type=\"widget\" data-e-type=\"widget\" data-widget_type=\"text-editor.default\">\n\t\t\t\t<div class=\"elementor-widget-container\">\n\t\t\t\t\t\t\t\t\t<p>Napisz do nas, zadzwo\u0144 lub um\u00f3w si\u0119 na spotkanie w naszym biurze. Ch\u0119tnie odpowiemy na wszystkie pytania i przedstawimy Ci ofert\u0119 naszych us\u0142ug.<\/p>\t\t\t\t\t\t\t\t<\/div>\n\t\t\t\t<\/div>\n\t\t\t\t<div class=\"elementor-element elementor-element-425d123 elementor-widget elementor-widget-wpforms\" data-id=\"425d123\" data-element_type=\"widget\" data-e-type=\"widget\" data-widget_type=\"wpforms.default\">\n\t\t\t\t<div class=\"elementor-widget-container\">\n\t\t\t\t\t<div class=\"wpforms-container wpforms-render-modern\" id=\"wpforms-250\"><form id=\"wpforms-form-250\" class=\"wpforms-validate wpforms-form wpforms-ajax-form\" data-formid=\"250\" method=\"post\" enctype=\"multipart\/form-data\" action=\"\/index.php\/wp-json\/wp\/v2\/pages\/685\" data-token=\"49ad03f38504ff0f8d746844584695e1\" data-token-time=\"1776293095\"><noscript class=\"wpforms-error-noscript\">Aby wype\u0142ni\u0107 ten formularz, w\u0142\u0105cz obs\u0142ug\u0119 JavaScript w przegl\u0105darce.<\/noscript><div id=\"wpforms-error-noscript\" style=\"display: none;\">Aby wype\u0142ni\u0107 ten formularz, w\u0142\u0105cz obs\u0142ug\u0119 JavaScript w przegl\u0105darce.<\/div><div class=\"wpforms-field-container\"><div id=\"wpforms-250-field_0-container\" class=\"wpforms-field wpforms-field-name wpforms-one-half wpforms-first\" data-field-id=\"0\"><label class=\"wpforms-field-label\" for=\"wpforms-250-field_0\">Imi\u0119 <span class=\"wpforms-required-label\" aria-hidden=\"true\">*<\/span><\/label><input type=\"text\" id=\"wpforms-250-field_0\" class=\"wpforms-field-large wpforms-field-required\" name=\"wpforms[fields][0]\" aria-errormessage=\"wpforms-250-field_0-error\" required><\/div><div id=\"wpforms-250-field_1-container\" class=\"wpforms-field wpforms-field-email wpforms-one-half\" data-field-id=\"1\"><label class=\"wpforms-field-label\" for=\"wpforms-250-field_1\">Tw\u00f3j adres e-mail <span class=\"wpforms-required-label\" aria-hidden=\"true\">*<\/span><\/label><input type=\"email\" id=\"wpforms-250-field_1\" class=\"wpforms-field-large wpforms-field-required\" name=\"wpforms[fields][1]\" spellcheck=\"false\" aria-errormessage=\"wpforms-250-field_1-error\" required><\/div><div id=\"wpforms-250-field_2-container\" class=\"wpforms-field wpforms-field-textarea\" data-field-id=\"2\"><label class=\"wpforms-field-label\" for=\"wpforms-250-field_2\">Wiadomo\u015b\u0107<\/label><textarea id=\"wpforms-250-field_2\" class=\"wpforms-field-large\" name=\"wpforms[fields][2]\" aria-errormessage=\"wpforms-250-field_2-error\" ><\/textarea><\/div><div id=\"wpforms-250-field_3-container\" class=\"wpforms-field wpforms-field-radio radio-buttons\" data-field-id=\"3\"><fieldset><legend class=\"wpforms-field-label\">Do jakiego podmiotu poszukujesz us\u0142ug ksi\u0119gowych?<\/legend><ul id=\"wpforms-250-field_3\"><li class=\"choice-1 depth-1\"><input type=\"radio\" id=\"wpforms-250-field_3_1\" name=\"wpforms[fields][3]\" value=\"jednoosobowa dzia\u0142alno\u015b\u0107 gospodarcza\" aria-errormessage=\"wpforms-250-field_3_1-error\"  ><label class=\"wpforms-field-label-inline\" for=\"wpforms-250-field_3_1\">jednoosobowa dzia\u0142alno\u015b\u0107 gospodarcza<\/label><\/li><li class=\"choice-2 depth-1\"><input type=\"radio\" id=\"wpforms-250-field_3_2\" name=\"wpforms[fields][3]\" value=\"sp\u00f3\u0142ka z o.o.\" aria-errormessage=\"wpforms-250-field_3_2-error\"  ><label class=\"wpforms-field-label-inline\" for=\"wpforms-250-field_3_2\">sp\u00f3\u0142ka z o.o.<\/label><\/li><li class=\"choice-3 depth-1 wpforms-selected\"><input type=\"radio\" id=\"wpforms-250-field_3_3\" name=\"wpforms[fields][3]\" value=\"jeszcze nie wiem\" aria-errormessage=\"wpforms-250-field_3_3-error\"   checked='checked'><label class=\"wpforms-field-label-inline\" for=\"wpforms-250-field_3_3\">jeszcze nie wiem<\/label><\/li><\/ul><\/fieldset><\/div><\/div><!-- .wpforms-field-container --><div class=\"wpforms-submit-container\" ><input type=\"hidden\" name=\"wpforms[id]\" value=\"250\"><input type=\"hidden\" name=\"page_title\" value=\"\"><input type=\"hidden\" name=\"page_url\" value=\"https:\/\/www.biurosynergia.pl\/index.php\/wp-json\/wp\/v2\/pages\/685\"><input type=\"hidden\" name=\"url_referer\" value=\"\"><button type=\"submit\" name=\"wpforms[submit]\" id=\"wpforms-submit-250\" class=\"wpforms-submit\" data-alt-text=\"Wysy\u0142anie...\" data-submit-text=\"Wy\u015blij wiadomo\u015b\u0107\" aria-live=\"assertive\" value=\"wpforms-submit\">Wy\u015blij wiadomo\u015b\u0107<\/button><img loading=\"lazy\" decoding=\"async\" src=\"https:\/\/www.biurosynergia.pl\/wp-content\/plugins\/wpforms-lite\/assets\/images\/submit-spin.svg\" class=\"wpforms-submit-spinner\" style=\"display: none;\" width=\"26\" height=\"26\" alt=\"Wczytywanie\"><\/div><\/form><\/div>  <!-- .wpforms-container -->\t\t\t\t<\/div>\n\t\t\t\t<\/div>\n\t\t\t\t\t<\/div>\n\t\t\t\t<\/div>\n\t\t\t\t<\/div>\n\t\t","protected":false},"excerpt":{"rendered":"<p>Nasze ceny Rycza\u0142t od przychod\u00f3w ewidencjonowanych netto miesi\u0119cznie od 170 z\u0142 Podatkowa ksi\u0119ga przychod\u00f3w i rozchod\u00f3w netto miesi\u0119cznie od 260 z\u0142 Pe\u0142na ksi\u0119gowo\u015b\u0107 \u2014 ksi\u0119gi handlowe netto miesi\u0119cznie od 900 z\u0142 W rzeczywisto\u015bci nieustaj\u0105cych zmian rozpocz\u0119cie dzia\u0142alno\u015bci gospodarczej niesie za sob\u0105 wi\u0119cej pyta\u0144 ni\u017c odpowiedzi. W Biurze Synergia doskonale zdajemy sobie z tego spraw\u0119 i [&hellip;]<\/p>\n","protected":false},"author":1,"featured_media":0,"parent":0,"menu_order":0,"comment_status":"closed","ping_status":"closed","template":"elementor_header_footer","meta":{"_seopress_robots_primary_cat":"","_seopress_titles_title":"Cennik","_seopress_titles_desc":"Z naszym cennikiem wychodzimy naprzeciw potrzebom przedsi\u0119biorc\u00f3w, kt\u00f3rzy szukaj\u0105 elastycznej formy rozlicze\u0144 z biurem rachunkowym w oparciu o ilo\u015b\u0107 dokument\u00f3w.","_seopress_robots_index":"","footnotes":""},"class_list":["post-685","page","type-page","status-publish","hentry"],"blocksy_meta":[],"_links":{"self":[{"href":"https:\/\/www.biurosynergia.pl\/index.php\/wp-json\/wp\/v2\/pages\/685","targetHints":{"allow":["GET"]}}],"collection":[{"href":"https:\/\/www.biurosynergia.pl\/index.php\/wp-json\/wp\/v2\/pages"}],"about":[{"href":"https:\/\/www.biurosynergia.pl\/index.php\/wp-json\/wp\/v2\/types\/page"}],"author":[{"embeddable":true,"href":"https:\/\/www.biurosynergia.pl\/index.php\/wp-json\/wp\/v2\/users\/1"}],"replies":[{"embeddable":true,"href":"https:\/\/www.biurosynergia.pl\/index.php\/wp-json\/wp\/v2\/comments?post=685"}],"version-history":[{"count":35,"href":"https:\/\/www.biurosynergia.pl\/index.php\/wp-json\/wp\/v2\/pages\/685\/revisions"}],"predecessor-version":[{"id":734,"href":"https:\/\/www.biurosynergia.pl\/index.php\/wp-json\/wp\/v2\/pages\/685\/revisions\/734"}],"wp:attachment":[{"href":"https:\/\/www.biurosynergia.pl\/index.php\/wp-json\/wp\/v2\/media?parent=685"}],"curies":[{"name":"wp","href":"https:\/\/api.w.org\/{rel}","templated":true}]}}